{"id":8676,"date":"2020-06-11T17:28:24","date_gmt":"2020-06-11T17:28:24","guid":{"rendered":"https:\/\/www.integrativa.vet.br\/dominios\/?post_type=product&#038;p=8676"},"modified":"2020-08-16T17:02:48","modified_gmt":"2020-08-16T17:02:48","slug":"peritovet-com-br-dominio-disponivel","status":"publish","type":"product","link":"https:\/\/bibliovet.com.br\/dominios\/produto\/peritovet-com-br-dominio-disponivel\/","title":{"rendered":"PERITOVET.COM.BR &#8211; dom\u00ednio dispon\u00edvel"},"content":{"rendered":"<p>O dom\u00ednio PERITOVET.COM.BR \u00e9 ideal para qualquer m\u00e9dico-veterin\u00e1rio ligado \u00e0 medicina veterin\u00e1ria forense e \u00e0 medicina veterin\u00e1ria legal.<\/p>\n<p>A transfer\u00eancia de titularidade \u00e9 feita conforme as normas da institui\u00e7\u00e3o que regulamenta os dom\u00ednios de internet no Brasil, o\u00a0<a href=\"https:\/\/registro.br\/ajuda\/procedimentos-administrativos\/alteracao-do-titular\/\" rel=\"noopener\">REGISTRO.BR<\/a>.<\/p>\n","protected":false},"excerpt":{"rendered":"<p>O dom\u00ednio PERITOVET.COM.BR \u00e9 ideal para qualquer m\u00e9dico-veterin\u00e1rio que exer\u00e7a atividades ligadas \u00e0 medicina veterin\u00e1ria forense e \u00e0 medicina veterin\u00e1ria legal.<\/p>\n<p>A transfer\u00eancia de titularidade \u00e9 feita conforme as normas da institui\u00e7\u00e3o que regulamenta os dom\u00ednios de internet no Brasil, o\u00a0<a href=\"https:\/\/registro.br\/ajuda\/procedimentos-administrativos\/alteracao-do-titular\/\" rel=\"noopener\">REGISTRO.BR<\/a>.<\/p>\n","protected":false},"featured_media":8693,"template":"","meta":[],"product_cat":[45],"product_tag":[],"_links":{"self":[{"href":"https:\/\/bibliovet.com.br\/dominios\/wp-json\/wp\/v2\/product\/8676"}],"collection":[{"href":"https:\/\/bibliovet.com.br\/dominios\/wp-json\/wp\/v2\/product"}],"about":[{"href":"https:\/\/bibliovet.com.br\/dominios\/wp-json\/wp\/v2\/types\/product"}],"wp:featuredmedia":[{"embeddable":true,"href":"https:\/\/bibliovet.com.br\/dominios\/wp-json\/wp\/v2\/media\/8693"}],"wp:attachment":[{"href":"https:\/\/bibliovet.com.br\/dominios\/wp-json\/wp\/v2\/media?parent=8676"}],"wp:term":[{"taxonomy":"product_cat","embeddable":true,"href":"https:\/\/bibliovet.com.br\/dominios\/wp-json\/wp\/v2\/product_cat?post=8676"},{"taxonomy":"product_tag","embeddable":true,"href":"https:\/\/bibliovet.com.br\/dominios\/wp-json\/wp\/v2\/product_tag?post=8676"}],"curies":[{"name":"wp","href":"https:\/\/api.w.org\/{rel}","templated":true}]}}