{"id":8624,"date":"2020-04-07T19:52:07","date_gmt":"2020-04-07T19:52:07","guid":{"rendered":"http:\/\/www.integrativa.vet.br\/dominios\/?post_type=product&#038;p=8624"},"modified":"2020-08-16T17:03:29","modified_gmt":"2020-08-16T17:03:29","slug":"dominio-cargovan-com-br","status":"publish","type":"product","link":"https:\/\/bibliovet.com.br\/dominios\/produto\/dominio-cargovan-com-br\/","title":{"rendered":"Dom\u00ednio CARGOVAN.COM.BR"},"content":{"rendered":"<p>O dom\u00ednio CARGOVAN.COM.BR pode ser muito \u00fatil para atividades ligadas ao transporte de cargas, ou seja vans com perfil para transporte de carga.<\/p>\n<p>A transfer\u00eancia de titularidade \u00e9 feita conforme as normas da institui\u00e7\u00e3o que regulamenta os dom\u00ednios de internet no Brasil, o\u00a0<a href=\"https:\/\/registro.br\/ajuda\/procedimentos-administrativos\/alteracao-do-titular\/\" rel=\"noopener\">REGISTRO.BR<\/a>.<\/p>\n","protected":false},"excerpt":{"rendered":"<p>O dom\u00ednio CARGOVAN.COM.BR pode ser muito \u00fatil para atividades ligadas ao transporte de cargas, ou seja vans com perfil para transporte de carga.<\/p>\n<p>A transfer\u00eancia de titularidade \u00e9 feita conforme as normas da institui\u00e7\u00e3o que regulamenta os dom\u00ednios de internet no Brasil, o\u00a0<a href=\"https:\/\/registro.br\/ajuda\/procedimentos-administrativos\/alteracao-do-titular\/\" rel=\"noopener\">REGISTRO.BR<\/a>.<\/p>\n","protected":false},"featured_media":8694,"template":"","meta":[],"product_cat":[45],"product_tag":[32,33,34],"_links":{"self":[{"href":"https:\/\/bibliovet.com.br\/dominios\/wp-json\/wp\/v2\/product\/8624"}],"collection":[{"href":"https:\/\/bibliovet.com.br\/dominios\/wp-json\/wp\/v2\/product"}],"about":[{"href":"https:\/\/bibliovet.com.br\/dominios\/wp-json\/wp\/v2\/types\/product"}],"wp:featuredmedia":[{"embeddable":true,"href":"https:\/\/bibliovet.com.br\/dominios\/wp-json\/wp\/v2\/media\/8694"}],"wp:attachment":[{"href":"https:\/\/bibliovet.com.br\/dominios\/wp-json\/wp\/v2\/media?parent=8624"}],"wp:term":[{"taxonomy":"product_cat","embeddable":true,"href":"https:\/\/bibliovet.com.br\/dominios\/wp-json\/wp\/v2\/product_cat?post=8624"},{"taxonomy":"product_tag","embeddable":true,"href":"https:\/\/bibliovet.com.br\/dominios\/wp-json\/wp\/v2\/product_tag?post=8624"}],"curies":[{"name":"wp","href":"https:\/\/api.w.org\/{rel}","templated":true}]}}