{"id":8622,"date":"2020-04-07T08:16:40","date_gmt":"2020-04-07T08:16:40","guid":{"rendered":"http:\/\/www.integrativa.vet.br\/dominios\/?post_type=product&#038;p=8622"},"modified":"2020-08-16T17:03:39","modified_gmt":"2020-08-16T17:03:39","slug":"dominio-ecofibras-com-br","status":"publish","type":"product","link":"https:\/\/bibliovet.com.br\/dominios\/produto\/dominio-ecofibras-com-br\/","title":{"rendered":"Dom\u00ednio ECOFIBRAS.COM.BR"},"content":{"rendered":"<p>O dom\u00ednio ECOFIBRAS.COM.BR pode ser muito \u00fatil para atividades ligadas \u00e0 ind\u00fastria t\u00eaxtil ou equipamentos desenvolvidos com base em tecnologia envolvendo emiss\u00e3o de luz ou fibras \u00f3pticas .<\/p>\n<p>A transfer\u00eancia de titularidade \u00e9 feita conforme as normas da institui\u00e7\u00e3o que regulamenta os dom\u00ednios de internet no Brasil, o\u00a0<a href=\"https:\/\/registro.br\/ajuda\/procedimentos-administrativos\/alteracao-do-titular\/\" rel=\"noopener\">REGISTRO.BR<\/a>.<\/p>\n","protected":false},"excerpt":{"rendered":"<p>O dom\u00ednio ECOFIBRAS.COM.BR pode ser muito \u00fatil para atividades ligadas \u00e0 ind\u00fastria t\u00eaxtil ou equipamentos desenvolvidos com base em tecnologia envolvendo emiss\u00e3o de luz ou fibras \u00f3pticas .<\/p>\n<p>A transfer\u00eancia de titularidade \u00e9 feita conforme as normas da institui\u00e7\u00e3o que regulamenta os dom\u00ednios de internet no Brasil, o\u00a0<a href=\"https:\/\/registro.br\/ajuda\/procedimentos-administrativos\/alteracao-do-titular\/\" rel=\"noopener\">REGISTRO.BR<\/a>.<\/p>\n","protected":false},"featured_media":8694,"template":"","meta":[],"product_cat":[45],"product_tag":[],"_links":{"self":[{"href":"https:\/\/bibliovet.com.br\/dominios\/wp-json\/wp\/v2\/product\/8622"}],"collection":[{"href":"https:\/\/bibliovet.com.br\/dominios\/wp-json\/wp\/v2\/product"}],"about":[{"href":"https:\/\/bibliovet.com.br\/dominios\/wp-json\/wp\/v2\/types\/product"}],"wp:featuredmedia":[{"embeddable":true,"href":"https:\/\/bibliovet.com.br\/dominios\/wp-json\/wp\/v2\/media\/8694"}],"wp:attachment":[{"href":"https:\/\/bibliovet.com.br\/dominios\/wp-json\/wp\/v2\/media?parent=8622"}],"wp:term":[{"taxonomy":"product_cat","embeddable":true,"href":"https:\/\/bibliovet.com.br\/dominios\/wp-json\/wp\/v2\/product_cat?post=8622"},{"taxonomy":"product_tag","embeddable":true,"href":"https:\/\/bibliovet.com.br\/dominios\/wp-json\/wp\/v2\/product_tag?post=8622"}],"curies":[{"name":"wp","href":"https:\/\/api.w.org\/{rel}","templated":true}]}}