{"id":8610,"date":"2020-03-24T08:23:43","date_gmt":"2020-03-24T08:23:43","guid":{"rendered":"http:\/\/www.integrativa.vet.br\/dominios\/?post_type=product&#038;p=8610"},"modified":"2020-08-16T17:04:43","modified_gmt":"2020-08-16T17:04:43","slug":"dominio-vet-game-com","status":"publish","type":"product","link":"https:\/\/bibliovet.com.br\/dominios\/produto\/dominio-vet-game-com\/","title":{"rendered":"Dom\u00ednio VET-GAME.COM"},"content":{"rendered":"<p>O dom\u00ednio VET-GAME.COM \u00e9 ideal para qualquer projeto ou aplicativo ligado \u00e0 medicina veterin\u00e1ria. Inclusive, projetos educacionais de ensino a dist\u00e2ncia.<\/p>\n","protected":false},"excerpt":{"rendered":"<p>O dom\u00ednio VET-GAME.COM \u00e9 ideal para qualquer projeto ou aplicativo ligado \u00e0 medicina veterin\u00e1ria. Inclusive, projeto educacionais de ensino a dist\u00e2ncia.<\/p>\n","protected":false},"featured_media":8694,"template":"","meta":[],"product_cat":[45],"product_tag":[],"_links":{"self":[{"href":"https:\/\/bibliovet.com.br\/dominios\/wp-json\/wp\/v2\/product\/8610"}],"collection":[{"href":"https:\/\/bibliovet.com.br\/dominios\/wp-json\/wp\/v2\/product"}],"about":[{"href":"https:\/\/bibliovet.com.br\/dominios\/wp-json\/wp\/v2\/types\/product"}],"wp:featuredmedia":[{"embeddable":true,"href":"https:\/\/bibliovet.com.br\/dominios\/wp-json\/wp\/v2\/media\/8694"}],"wp:attachment":[{"href":"https:\/\/bibliovet.com.br\/dominios\/wp-json\/wp\/v2\/media?parent=8610"}],"wp:term":[{"taxonomy":"product_cat","embeddable":true,"href":"https:\/\/bibliovet.com.br\/dominios\/wp-json\/wp\/v2\/product_cat?post=8610"},{"taxonomy":"product_tag","embeddable":true,"href":"https:\/\/bibliovet.com.br\/dominios\/wp-json\/wp\/v2\/product_tag?post=8610"}],"curies":[{"name":"wp","href":"https:\/\/api.w.org\/{rel}","templated":true}]}}