{"id":8498,"date":"2020-03-21T15:05:55","date_gmt":"2020-03-21T15:05:55","guid":{"rendered":"http:\/\/www.integrativa.vet.br\/dominios\/?post_type=product&#038;p=8498"},"modified":"2020-08-16T17:11:30","modified_gmt":"2020-08-16T17:11:30","slug":"dominio-vetpopular-com","status":"publish","type":"product","link":"https:\/\/bibliovet.com.br\/dominios\/produto\/dominio-vetpopular-com\/","title":{"rendered":"Dom\u00ednio VETPOPULAR.COM"},"content":{"rendered":"<p>O dom\u00ednio VETPOPULAR.COM \u00e9 ideal para qualquer m\u00e9dico-veterin\u00e1rio que deseja destacar-se na presta\u00e7\u00e3o de servi\u00e7os m\u00e9dicos-veterin\u00e1rios populares.<\/p>\n","protected":false},"excerpt":{"rendered":"<p>O dom\u00ednio VETPOPULAR.COM \u00e9 ideal para qualquer m\u00e9dico-veterin\u00e1rio que deseja destacar-se na presta\u00e7\u00e3o de servi\u00e7os m\u00e9dicos-veterin\u00e1rios populares.<\/p>\n","protected":false},"featured_media":8693,"template":"","meta":[],"product_cat":[45],"product_tag":[],"_links":{"self":[{"href":"https:\/\/bibliovet.com.br\/dominios\/wp-json\/wp\/v2\/product\/8498"}],"collection":[{"href":"https:\/\/bibliovet.com.br\/dominios\/wp-json\/wp\/v2\/product"}],"about":[{"href":"https:\/\/bibliovet.com.br\/dominios\/wp-json\/wp\/v2\/types\/product"}],"wp:featuredmedia":[{"embeddable":true,"href":"https:\/\/bibliovet.com.br\/dominios\/wp-json\/wp\/v2\/media\/8693"}],"wp:attachment":[{"href":"https:\/\/bibliovet.com.br\/dominios\/wp-json\/wp\/v2\/media?parent=8498"}],"wp:term":[{"taxonomy":"product_cat","embeddable":true,"href":"https:\/\/bibliovet.com.br\/dominios\/wp-json\/wp\/v2\/product_cat?post=8498"},{"taxonomy":"product_tag","embeddable":true,"href":"https:\/\/bibliovet.com.br\/dominios\/wp-json\/wp\/v2\/product_tag?post=8498"}],"curies":[{"name":"wp","href":"https:\/\/api.w.org\/{rel}","templated":true}]}}