{"id":8494,"date":"2020-03-21T14:46:57","date_gmt":"2020-03-21T14:46:57","guid":{"rendered":"http:\/\/www.integrativa.vet.br\/dominios\/?post_type=product&#038;p=8494"},"modified":"2020-08-16T17:12:05","modified_gmt":"2020-08-16T17:12:05","slug":"dominio-agenda-vet-br","status":"publish","type":"product","link":"https:\/\/bibliovet.com.br\/dominios\/produto\/dominio-agenda-vet-br\/","title":{"rendered":"Dom\u00ednio AGENDA.VET.BR"},"content":{"rendered":"<p>O dom\u00ednio AGENDA.VET.BR pode ser muito \u00fatil para uma enorme gama de empreendimentos veterin\u00e1rios.<\/p>\n<p>A transfer\u00eancia de titularidade \u00e9 feita conforme as normas da institui\u00e7\u00e3o que regulamenta os dom\u00ednios de internet no Brasil, o\u00a0<a href=\"https:\/\/registro.br\/ajuda\/procedimentos-administrativos\/alteracao-do-titular\/\" rel=\"noopener\">REGISTRO.BR<\/a>.<\/p>\n","protected":false},"excerpt":{"rendered":"<p>O dom\u00ednio AGENDA.VET.BR pode ser muito \u00fatil para uma enorme gama de empreendimentos veterin\u00e1rios.<\/p>\n","protected":false},"featured_media":8693,"template":"","meta":[],"product_cat":[45],"product_tag":[21],"_links":{"self":[{"href":"https:\/\/bibliovet.com.br\/dominios\/wp-json\/wp\/v2\/product\/8494"}],"collection":[{"href":"https:\/\/bibliovet.com.br\/dominios\/wp-json\/wp\/v2\/product"}],"about":[{"href":"https:\/\/bibliovet.com.br\/dominios\/wp-json\/wp\/v2\/types\/product"}],"wp:featuredmedia":[{"embeddable":true,"href":"https:\/\/bibliovet.com.br\/dominios\/wp-json\/wp\/v2\/media\/8693"}],"wp:attachment":[{"href":"https:\/\/bibliovet.com.br\/dominios\/wp-json\/wp\/v2\/media?parent=8494"}],"wp:term":[{"taxonomy":"product_cat","embeddable":true,"href":"https:\/\/bibliovet.com.br\/dominios\/wp-json\/wp\/v2\/product_cat?post=8494"},{"taxonomy":"product_tag","embeddable":true,"href":"https:\/\/bibliovet.com.br\/dominios\/wp-json\/wp\/v2\/product_tag?post=8494"}],"curies":[{"name":"wp","href":"https:\/\/api.w.org\/{rel}","templated":true}]}}