{"id":8456,"date":"2020-03-08T13:16:40","date_gmt":"2020-03-08T16:16:40","guid":{"rendered":"http:\/\/www.integrativa.vet.br\/dominios\/?post_type=product&#038;p=8456"},"modified":"2020-08-16T03:02:11","modified_gmt":"2020-08-16T03:02:11","slug":"dominio-guiaveterinario-com","status":"publish","type":"product","link":"https:\/\/bibliovet.com.br\/dominios\/produto\/dominio-guiaveterinario-com\/","title":{"rendered":"Dom\u00ednio GUIAVETERINARIO.COM"},"content":{"rendered":"<p>O dom\u00ednio GUIAVETERINARIO.COM pode ser muito \u00fatil para uma enorme gama de empreendimentos veterin\u00e1rios.<\/p>\n<p>&nbsp;<\/p>\n","protected":false},"excerpt":{"rendered":"<p>O dom\u00ednio GUIAVETERINARIO.COM pode ser muito \u00fatil para uma enorme gama de empreendimentos veterin\u00e1rios.<\/p>\n","protected":false},"featured_media":8694,"template":"","meta":[],"product_cat":[17],"product_tag":[],"_links":{"self":[{"href":"https:\/\/bibliovet.com.br\/dominios\/wp-json\/wp\/v2\/product\/8456"}],"collection":[{"href":"https:\/\/bibliovet.com.br\/dominios\/wp-json\/wp\/v2\/product"}],"about":[{"href":"https:\/\/bibliovet.com.br\/dominios\/wp-json\/wp\/v2\/types\/product"}],"wp:featuredmedia":[{"embeddable":true,"href":"https:\/\/bibliovet.com.br\/dominios\/wp-json\/wp\/v2\/media\/8694"}],"wp:attachment":[{"href":"https:\/\/bibliovet.com.br\/dominios\/wp-json\/wp\/v2\/media?parent=8456"}],"wp:term":[{"taxonomy":"product_cat","embeddable":true,"href":"https:\/\/bibliovet.com.br\/dominios\/wp-json\/wp\/v2\/product_cat?post=8456"},{"taxonomy":"product_tag","embeddable":true,"href":"https:\/\/bibliovet.com.br\/dominios\/wp-json\/wp\/v2\/product_tag?post=8456"}],"curies":[{"name":"wp","href":"https:\/\/api.w.org\/{rel}","templated":true}]}}