{"id":8412,"date":"2020-03-07T20:10:43","date_gmt":"2020-03-07T20:10:43","guid":{"rendered":"http:\/\/www.integrativa.vet.br\/dominios\/?post_type=product&#038;p=8407"},"modified":"2020-08-16T17:15:34","modified_gmt":"2020-08-16T17:15:34","slug":"dominio-celulastronco-vet-br","status":"publish","type":"product","link":"https:\/\/bibliovet.com.br\/dominios\/produto\/dominio-celulastronco-vet-br\/","title":{"rendered":"Dom\u00ednio CELULASTRONCO.VET.BR"},"content":{"rendered":"<div class=\"woocommerce-tabs wc-tabs-wrapper\">\n<div id=\"tab-description\" class=\"woocommerce-Tabs-panel woocommerce-Tabs-panel--description panel entry-content wc-tab\" role=\"tabpanel\" aria-labelledby=\"tab-title-description\">\n<p>O dom\u00ednio CELULASTRONCO.VET.BR \u00e9 ideal para m\u00e9dicos-veterin\u00e1rios especializados em medicina veterin\u00e1ria regenerativa (c\u00e9lulas-tronco) ou para empresas que atuam no segmento.<\/p>\n<p>A transfer\u00eancia de titularidade \u00e9 feita conforme as normas da institui\u00e7\u00e3o que regulamenta os dom\u00ednios de internet no Brasil, o\u00a0<a href=\"https:\/\/registro.br\/ajuda\/procedimentos-administrativos\/alteracao-do-titular\/\" rel=\"noopener\">REGISTRO.BR<\/a>.<\/p>\n<\/div>\n<\/div>\n","protected":false},"excerpt":{"rendered":"<p>O dom\u00ednio CELULASTRONCO.VET.BR \u00e9 ideal para m\u00e9dicos-veterin\u00e1rios especializados em medicina veterin\u00e1ria regenerativa (c\u00e9lulas-tronco) ou para empresas que atuam no segmento.<\/p>\n","protected":false},"featured_media":8693,"template":"","meta":[],"product_cat":[45],"product_tag":[],"_links":{"self":[{"href":"https:\/\/bibliovet.com.br\/dominios\/wp-json\/wp\/v2\/product\/8412"}],"collection":[{"href":"https:\/\/bibliovet.com.br\/dominios\/wp-json\/wp\/v2\/product"}],"about":[{"href":"https:\/\/bibliovet.com.br\/dominios\/wp-json\/wp\/v2\/types\/product"}],"wp:featuredmedia":[{"embeddable":true,"href":"https:\/\/bibliovet.com.br\/dominios\/wp-json\/wp\/v2\/media\/8693"}],"wp:attachment":[{"href":"https:\/\/bibliovet.com.br\/dominios\/wp-json\/wp\/v2\/media?parent=8412"}],"wp:term":[{"taxonomy":"product_cat","embeddable":true,"href":"https:\/\/bibliovet.com.br\/dominios\/wp-json\/wp\/v2\/product_cat?post=8412"},{"taxonomy":"product_tag","embeddable":true,"href":"https:\/\/bibliovet.com.br\/dominios\/wp-json\/wp\/v2\/product_tag?post=8412"}],"curies":[{"name":"wp","href":"https:\/\/api.w.org\/{rel}","templated":true}]}}