{"id":8328,"date":"2019-03-07T16:08:02","date_gmt":"2019-03-07T19:08:02","guid":{"rendered":"http:\/\/www.integrativa.vet.br\/dominios\/?page_id=8328"},"modified":"2022-04-26T00:24:53","modified_gmt":"2022-04-26T00:24:53","slug":"registro","status":"publish","type":"page","link":"https:\/\/bibliovet.com.br\/dominios\/","title":{"rendered":"Dom\u00ednios dispon\u00edveis"},"content":{"rendered":"\n<p><div id=\"metaslider-id-8724\" style=\"width: 100%;\" class=\"ml-slider-3-20-3 metaslider metaslider-flex metaslider-8724 ml-slider nav-hidden\">\n    <div id=\"metaslider_container_8724\">\n        <div id=\"metaslider_8724\">\n            <ul aria-live=\"polite\" class=\"slides\">\n                <li style=\"display: block; width: 100%;\" class=\"slide-8732 ms-image\"><img src=\"https:\/\/bibliovet.com.br\/dominios\/wp-content\/uploads\/2020\/08\/slider-acesso-remoto-1200X514.jpg\" height=\"514\" width=\"1200\" alt=\"\" class=\"slider-8724 slide-8732\" title=\"slider-acesso-remoto-1200X514\" \/><\/li>\n                <li style=\"display: none; width: 100%;\" class=\"slide-8733 ms-image\"><img src=\"https:\/\/bibliovet.com.br\/dominios\/wp-content\/uploads\/2020\/08\/SLIDE-acordo-presencial.jpg\" height=\"514\" width=\"1200\" alt=\"\" class=\"slider-8724 slide-8733\" title=\"SLIDE-acordo-presencial\" \/><\/li>\n            <\/ul>\n        <\/div>\n        \n    <\/div>\n<\/div>\n<script async=\"\" src=\"https:\/\/pagead2.googlesyndication.com\/pagead\/js\/adsbygoogle.js?client=ca-pub-6914733371690798\" crossorigin=\"anonymous\"><\/script><\/p>\n\n\n\n<h3>Que tal um dom\u00ednio espec\u00edfico para o seu empreendimento?<\/h3>\n\n\n\n<h4>Seu dom\u00ednio \u00e9 seu endere\u00e7o digital. Adquira o dom\u00ednio correto para que os visitantes entrem, permane\u00e7am conectados no seu site e prosperem seus neg\u00f3cios.<\/h4>\n\n\n\n<h5>Confira alguns dom\u00ednios que estamos negociando:<\/h5>\n\n\n\n<figure class=\"wp-block-table\"><table><tbody><tr><td><a href=\"https:\/\/bibliovet.com.br\/dominios\/produto\/dominio-agenda-vet-br\/\" target=\"_blank\" rel=\"noopener noreferrer\">AGENDA.VET.BR (inclui email agenda.vet.br@gmail.com)<\/a><\/td><\/tr><tr><td>AURICULOTERAPIAVERDADEIRA.COM.BR<\/td><\/tr><tr><td><a href=\"https:\/\/bibliovet.com.br\/dominios\/produto\/dominio-biblioteca-vet-br\/\" target=\"_blank\" rel=\"noopener noreferrer\">BIBLIOTECA.VET.BR <\/a><\/td><\/tr><tr><td><a href=\"https:\/\/bibliovet.com.br\/dominios\/produto\/dominio-bibliovet-com-br\/\" target=\"_blank\" rel=\"noopener noreferrer\">BIBLIOVET.COM.BR <\/a><\/td><\/tr><tr><td><a href=\"https:\/\/bibliovet.com.br\/dominios\/produto\/dominio-bibliotecavet-com-br\/\" target=\"_blank\" rel=\"noopener noreferrer\">BIBLIOTECAVET.COM.BR <\/a><\/td><\/tr><tr><td><a href=\"https:\/\/bibliovet.com.br\/dominios\/produto\/dominio-catscience-com-br\/\" target=\"_blank\" rel=\"noopener noreferrer\">CATSCIENCE.COM.BR (inclui email catscience.com.br@gmail.com)<\/a><\/td><\/tr><tr><td><a rel=\"noopener noreferrer\" href=\"\/\/bibliovet.com.br\/dominios\/produto\/dominio-brasilvistodecima-com-br\/\" target=\"_blank\">BRASILVISTODECIMA.COM.BR<\/a> <\/td><\/tr><tr><td><a rel=\"noopener noreferrer\" href=\"http:\/\/bibliovet.com.br\/dominios\/produto\/dominio-cavaloatleta-vet-br\/\" target=\"_blank\">CAVALOATLETA.VET.BR (inclui email cavaloatleta.vet.br@gmail.com)<\/a> <\/td><\/tr><tr><td><a rel=\"noopener noreferrer\" href=\"http:\/\/bibliovet.com.br\/dominios\/produto\/canabidiol-vet-br\/\" target=\"_blank\">CANABIDIOL.VET.BR<\/a> <\/td><\/tr><tr><td><a href=\"http:\/\/bibliovet.com.br\/dominios\/produto\/cbd-vet-br\/\" target=\"_blank\" rel=\"noopener noreferrer\">CBD.VET.BR<\/a><\/td><\/tr><tr><td><a href=\"https:\/\/bibliovet.com.br\/dominios\/produto\/legalcannabis-com-br\/\" target=\"_blank\" rel=\"noopener noreferrer\">LEGALCANNABIS.COM.BR<\/a><\/td><\/tr><tr><td><a href=\"https:\/\/bibliovet.com.br\/dominios\/produto\/popularcannabis-com-br\/\" target=\"_blank\" rel=\"noopener noreferrer\">POPULARCANNABIS.COM.BR<\/a><\/td><\/tr><tr><td><a href=\"https:\/\/bibliovet.com.br\/dominios\/produto\/mastercannabis-com-br\/\" target=\"_blank\" rel=\"noopener noreferrer\">MASTERCANNABIS.COM.BR<\/a><\/td><\/tr><tr><td><a href=\"https:\/\/bibliovet.com.br\/dominios\/produto\/powercannabis-com-br\/\" target=\"_blank\" rel=\"noopener noreferrer\">POWERCANNABIS.COM.BR<\/a><\/td><\/tr><tr><td><a href=\"https:\/\/bibliovet.com.br\/dominios\/produto\/dominio-cargovan-com-br\/\" target=\"_blank\" rel=\"noopener noreferrer\">CARGOVAN.COM.BR<\/a><\/td><\/tr><tr><td><a href=\"https:\/\/bibliovet.com.br\/dominios\/produto\/dominio-cargovans-com-br\/\" target=\"_blank\" rel=\"noopener noreferrer\">CARGOVANS.COM.BR<\/a><\/td><\/tr><tr><td><a href=\"https:\/\/bibliovet.com.br\/dominios\/produto\/dominio-catscience-com-br\/\" target=\"_blank\" rel=\"noopener noreferrer\">CATSCIENCE.COM.BR<\/a><\/td><\/tr><tr><td><a href=\"https:\/\/bibliovet.com.br\/dominios\/produto\/dominio-celulastronco-vet-br\/\" target=\"_blank\" rel=\"noopener noreferrer\">CELULASTRONCO.VET.BR (inclui email celulastronco.vet.br@gmail.com)<\/a><\/td><\/tr><tr><td><a href=\"https:\/\/bibliovet.com.br\/dominios\/produto\/dominio-ciencianacional-com-br\/\" target=\"_blank\" rel=\"noopener noreferrer\">CIENCIANACIONAL.COM.BR<\/a><\/td><\/tr><tr><td><a href=\"https:\/\/bibliovet.com.br\/dominios\/produto\/dominio-cinesioterapia-com-br\/\" target=\"_blank\" rel=\"noopener noreferrer\">CINESIOTERAPIA.COM.BR<\/a><\/td><\/tr><tr><td><a href=\"https:\/\/bibliovet.com.br\/dominios\/produto\/dominio-contratura-vet-br\/\" target=\"_blank\" rel=\"noopener noreferrer\">CONTRATURA.VET.BR<\/a><\/td><\/tr><tr><td><a href=\"https:\/\/bibliovet.com.br\/dominios\/produto\/dominio-culinariavegetariana-com-br\/\" target=\"_blank\" rel=\"noopener noreferrer\">CULINARIAVEGETARIANA.COM.BR<\/a><\/td><\/tr><tr><td><a href=\"https:\/\/bibliovet.com.br\/dominios\/produto\/dominio-dietapet-vet-br\/\" target=\"_blank\" rel=\"noopener noreferrer\">DIETAPET.VET.BR<\/a><\/td><\/tr><tr><td><a href=\"https:\/\/bibliovet.com.br\/dominios\/produto\/dominio-dorneuropatica-vet-br\/\" target=\"_blank\" rel=\"noopener noreferrer\">DORNEUROPATICA.VET.BR<\/a><\/td><\/tr><tr><td>DRARTHUR.VET.BR<\/td><\/tr><tr><td>DRBERNARDO.VET.BR<\/td><\/tr><tr><td>DRCLOVIS.COM.BR<\/td><\/tr><tr><td>DRENZO.COM.BR<\/td><\/tr><tr><td>DRENZO.VET.BR<\/td><\/tr><tr><td>DRPAULO.VET.BR<\/td><\/tr><tr><td>DRRONALDO.VET.BR<\/td><\/tr><tr><td>DRSERGIO.VET.BR<\/td><\/tr><tr><td>DRSILVIO.VET.BR<\/td><\/tr><tr><td><a href=\"https:\/\/bibliovet.com.br\/dominios\/produto\/dominio-ecofibras-com-br\/\" target=\"_blank\" rel=\"noopener noreferrer\">ECOFIBRAS.COM.BR<\/a><\/td><\/tr><tr><td><a href=\"https:\/\/bibliovet.com.br\/dominios\/produto\/dominio-equilibrio-vet-br\/\" target=\"_blank\" rel=\"noopener noreferrer\">EQUILIBRIO.VET.BR (inclui email equilibrio.vet.br@gmail.com)<\/a><\/td><\/tr><tr><td><a href=\"https:\/\/bibliovet.com.br\/dominios\/produto\/dominio-ervasmedicinais-vet-br\/\" target=\"_blank\" rel=\"noopener noreferrer\">ERVASMEDICINAIS.VET.BR<\/a><\/td><\/tr><tr><td><a href=\"https:\/\/bibliovet.com.br\/dominios\/produto\/dominio-fisiatria-vet-br\/\">FISIATRIA.VET.BR<\/a><\/td><\/tr><tr><td><a href=\"https:\/\/bibliovet.com.br\/dominios\/produto\/dominio-fisio-vet-br\">FISIO.VET.BR<\/a> (inclui email fisio.vet.br@gmail.com)<\/td><\/tr><tr><td><a href=\"https:\/\/bibliovet.com.br\/dominios\/produto\/dominio-fisioanimalsp-com-br\/\" target=\"_blank\" rel=\"noopener noreferrer\">FISIOANIMALSP.VET.BR (inclui email fisioanimalsp@gmail.com)<\/a><\/td><\/tr><tr><td><a href=\"http:\/\/bibliovet.com.br\/dominios\/produto\/dominio-fisioterapia-vet-br\/\" target=\"_blank\" rel=\"noopener noreferrer\">FISIOTERAPIA.VET.BR (inclui email fisioterapia.vet.br@gmail.com)<\/a><\/td><\/tr><tr><td><a href=\"http:\/\/bibliovet.com.br\/dominios\/produto\/dominio-fitoterapia-vet-br\/\" target=\"_blank\" rel=\"noopener noreferrer\">FITOTERAPIA.VET.BR (inclui email fitoterapia.vet.br@gmail.com)<\/a><\/td><\/tr><tr><td><a href=\"http:\/\/bibliovet.com.br\/dominios\/produto\/dominio-fitoterapeuta-vet-br\/\" target=\"_blank\" rel=\"noopener noreferrer\">FITOTERAPEUTA.VET.BR <\/a><\/td><\/tr><tr><td><a href=\"http:\/\/bibliovet.com.br\/dominios\/produto\/dominio-fivfelv-com-br\/\" target=\"_blank\" rel=\"noopener noreferrer\">FIVFELV.COM.BR <\/a><\/td><\/tr><tr><td>FORRO.VET.BR<\/td><\/tr><tr><td><a href=\"https:\/\/bibliovet.com.br\/dominios\/produto\/dominio-guasha-com-br\/\" target=\"_blank\" rel=\"noopener noreferrer\">GUASHA.COM.BR<\/a><\/td><\/tr><tr><td><a href=\"https:\/\/bibliovet.com.br\/dominios\/produto\/dominio-guia-vet-br\/\" target=\"_blank\" rel=\"noopener noreferrer\">GUIA.VET.BR<\/a><\/td><\/tr><tr><td><a href=\"http:\/\/bibliovet.com.br\/dominios\/produto\/dominio-guiaveterinario-com\/\" target=\"_blank\" rel=\"noopener noreferrer\">GUIAVETERINARIO.COM<\/a><\/td><\/tr><tr><td><a href=\"https:\/\/bibliovet.com.br\/dominios\/produto\/dominio-homeopata-vet-br\/\" target=\"_blank\" rel=\"noopener noreferrer\">HOMEOPATA.VET.BR (inclui email homeopata.vet.br@gmail.com)<\/a><\/td><\/tr><tr><td><a href=\"https:\/\/bibliovet.com.br\/dominios\/produto\/dominio-identificacaoanimal-com\/\" target=\"_blank\" rel=\"noopener noreferrer\">IDENTIFICACAOANIMAL.COM<\/a><\/td><\/tr><tr><td><a href=\"http:\/\/bibliovet.com.br\/dominios\/produto\/dominio-implantedeouro-vet-br\/\" target=\"_blank\" rel=\"noopener noreferrer\">IMPLANTEDEOURO.VET.BR<\/a><\/td><\/tr><tr><td><a href=\"http:\/\/bibliovet.com.br\/dominios\/produto\/dominio-internacao-vet-br\/\" target=\"_blank\" rel=\"noopener noreferrer\">INTERNACAO.VET.BR<\/a><\/td><\/tr><tr><td><a href=\"http:\/\/bibliovet.com.br\/dominios\/produto\/dominio-lanchevegano-com-br\/\" target=\"_blank\" rel=\"noopener noreferrer\">LANCHEVEGANO.COM.BR<\/a><\/td><\/tr><tr><td><a href=\"http:\/\/bibliovet.com.br\/dominios\/produto\/dominio-laser-vet-br\/\" target=\"_blank\" rel=\"noopener noreferrer\">LASER.VET.BR<\/a><\/td><\/tr><tr><td><a href=\"https:\/\/bibliovet.com.br\/dominios\/produto\/dominio-leishmaniose-vet-br\/\" target=\"_blank\" rel=\"noopener noreferrer\">LEISHMANIOSE.VET.BR<\/a><\/td><\/tr><tr><td><a href=\"https:\/\/bibliovet.com.br\/dominios\/produto\/dominio-massagem-vet-br\/\" target=\"_blank\" rel=\"noopener noreferrer\">MASSAGEM.VET.BR<\/a><\/td><\/tr><tr><td><a href=\"http:\/\/bibliovet.com.br\/dominios\/produto\/dominio-medicinaequina-vet-br\/\" target=\"_blank\" rel=\"noopener noreferrer\">MEDICINAEQUINA.VET.BR ((inclui emails medicinaequina.vet.br@gmail.com e medicinaequina.vet@gmail.com)<\/a><\/td><\/tr><tr><td><a href=\"https:\/\/bibliovet.com.br\/dominios\/produto\/dominio-medicinavetdocoletivo-com-br\/\" target=\"_blank\" rel=\"noopener noreferrer\">MEDICINAVETDOCOLETIVO.COM.BR (inclui email medvetdocoletivo@gmail.com)<\/a><\/td><\/tr><tr><td><a href=\"https:\/\/bibliovet.com.br\/dominios\/produto\/dominio-medicinavetsistemica-com-br\/\" target=\"_blank\" rel=\"noopener noreferrer\">MEDICINAVETSISTEMICA.COM.BR<\/a><\/td><\/tr><tr><td><a href=\"http:\/\/bibliovet.com.br\/dominios\/produto\/dominio-mioutestou-com-br\/\" target=\"_blank\" rel=\"noopener noreferrer\">MIOUTESTOU.COM.BR <\/a><\/td><\/tr><tr><td><a href=\"http:\/\/bibliovet.com.br\/dominios\/produto\/dominio-moxabustao-vet-br\/\">MOXABUSTAO.VET.BR<\/a><\/td><\/tr><tr><td><a href=\"bibliovet.com.br\/dominios\/produto\/medicina-chinesa\/\">MTC.VET.BR<\/a><\/td><\/tr><tr><td><a href=\"https:\/\/www.integrativa.vet.br\/medicina-chinesa\/\">MVTC.COM.BR<\/a><\/td><\/tr><tr><td><a href=\"https:\/\/bibliovet.com.br\/dominios\/produto\/dominio-nefro-vet-br\/\">NEFRO.VET.BR (inclui email nefro.vet.br@gmail.com)<\/a><\/td><\/tr><tr><td><a href=\"https:\/\/bibliovet.com.br\/dominios\/produto\/dominio-netflix-vet-br\/\">NETFLIX.VET.BR <\/a><\/td><\/tr><tr><td><a href=\"https:\/\/bibliovet.com.br\/dominios\/produto\/dominio-neuro-vet-br\/\">NEURO.VET.BR<\/a> (inclui&nbsp;email neurologia.canina.felina@gmail.com)<\/td><\/tr><tr><td>NEWVEGAN.COM.BR<\/td><\/tr><tr><td><a href=\"https:\/\/bibliovet.com.br\/dominios\/produto\/dominio-nutraceutica-vet-br\/\">NUTRACEUTICA.VET.BR<\/a><\/td><\/tr><tr><td><a href=\"http:\/\/bibliovet.com.br\/dominios\/produto\/dominio-o3-vet-br\/\">O3.VET.BR<\/a>&nbsp;<\/td><\/tr><tr><td><a href=\"http:\/\/bibliovet.com.br\/dominios\/produto\/dominio-o3medicinal-com-br\/\">O3MEDICINAL.COM.BR<\/a>&nbsp;(inclui email O3medicinal@gmail.com)<\/td><\/tr><tr><td><a href=\"http:\/\/bibliovet.com.br\/dominios\/produto\/dominio-onco-vet-br\/\" target=\"_blank\" rel=\"noopener noreferrer\">ONCO.VET.BR<\/a><\/td><\/tr><tr><td><a href=\"http:\/\/bibliovet.com.br\/dominios\/produto\/dominio-orto-vet-br\/\" target=\"_blank\" rel=\"noopener noreferrer\">ORTO.VET.BR (inclui email orto.vet.br@gmail.com)<\/a><\/td><\/tr><tr><td><a href=\"https:\/\/bibliovet.com.br\/dominios\/produto\/dominio-ozonioterapia-vet-br\/\">OZONIOTERAPIA.VET.BR<\/a><\/td><\/tr><tr><td><a href=\"https:\/\/bibliovet.com.br\/dominios\/produto\/paincontrol-com-br-dominio-disponivel\/\">PAINCONTROL.COM.BR<\/a><\/td><\/tr><tr><td>PAOINTEGRAL.COM<\/td><\/tr><tr><td><a href=\"https:\/\/bibliovet.com.br\/dominios\/produto\/dominio-praiadofrances-vet-br\/\">PRAIADOFRANCES.VET.BR<\/a><\/td><\/tr><tr><td><a href=\"https:\/\/bibliovet.com.br\/dominios\/produto\/perito-vet-br-dominio-disponivel\/\">PERITO.VET.BR<\/a><\/td><\/tr><tr><td><a href=\"https:\/\/bibliovet.com.br\/dominios\/produto\/peritovet-com-br-dominio-disponivel\/\">PERITOVET.COM.BR<\/a><\/td><\/tr><tr><td>PREMIERPET.VET.BR<\/td><\/tr><tr><td><a href=\"https:\/\/bibliovet.com.br\/dominios\/produto\/dominio-quiro-vet-br\/\">QUIRO.VET.BR<\/a><\/td><\/tr><tr><td><a href=\"https:\/\/bibliovet.com.br\/dominios\/produto\/dominio-recicle-vet-br\/\">RECICLE.VET.BR<\/a><\/td><\/tr><tr><td><a href=\"https:\/\/bibliovet.com.br\/dominios\/produto\/dominio-revista-vet-br\/\">REVISTA.VET.BR<\/a><\/td><\/tr><tr><td><a href=\"https:\/\/bibliovet.com.br\/dominios\/produto\/dominio-reike-vet-br\/\" target=\"_blank\" rel=\"noopener noreferrer\">REIKI.VET.BR<\/a><\/td><\/tr><tr><td>ROYAL.VET.BR<\/td><\/tr><tr><td><a href=\"https:\/\/bibliovet.com.br\/dominios\/produto\/dominio-salvapet-vet-br\/\" target=\"_blank\" rel=\"noopener noreferrer\">SALVAPET.VET.BR<\/a><\/td><\/tr><tr><td><a href=\"https:\/\/bibliovet.com.br\/dominios\/produto\/dominio-sergipe-vet-br\/\" target=\"_blank\" rel=\"noopener noreferrer\">SERGIPE.VET.BR<\/a><\/td><\/tr><tr><td><a href=\"https:\/\/bibliovet.com.br\/dominios\/produto\/dominio-sheltermedicine-com-br\/\" target=\"_blank\" rel=\"noopener noreferrer\">SHELTERMEDICINE.COM.BR<\/a><\/td><\/tr><tr><td><a href=\"http:\/\/bibliovet.com.br\/dominios\/produto\/dominio-shen-vet-br\/\">SHEN.VET.BR<\/a><\/td><\/tr><tr><td><a href=\"http:\/\/bibliovet.com.br\/dominios\/produto\/dominio-superpet-vet-br\/\">SUPERPET.VET.BR<\/a><\/td><\/tr><tr><td><a href=\"https:\/\/bibliovet.com.br\/dominios\/produto\/dominio-termografia-vet-br\/\" target=\"_blank\" rel=\"noopener noreferrer\">TERMOGRAFIA.VET.BR&nbsp;(inclui email termografia.vet.br@gmail.com)<\/a><\/td><\/tr><tr><td><a href=\"https:\/\/bibliovet.com.br\/dominios\/produto\/dominio-vetacupuntura-com-br\/\">VETACUPUNTURA.COM.BR<\/a><\/td><\/tr><tr><td><a href=\"https:\/\/integrativa.vet.br\/agenda-vet\">VETAGENDA.ORG<\/a><\/td><\/tr><tr><td><a href=\"https:\/\/bibliovet.com.br\/dominios\/produto\/dominio-vet-game-com\/\" target=\"_blank\" rel=\"noopener noreferrer\">VET-GAME.COM<\/a><\/td><\/tr><tr><td><a href=\"https:\/\/bibliovet.com.br\/dominios\/produto\/dominio-vetgame-org\/\" target=\"_blank\" rel=\"noopener noreferrer\">VETGAME.ORG<\/a><\/td><\/tr><tr><td><a href=\"http:\/\/bibliovet.com.br\/dominios\/produto\/dominio-vetfavorito-com-br\/\" target=\"_blank\" rel=\"noopener noreferrer\">VETFAVORITO.COM.BR (inclui email vetfavorito@gmail.com)<\/a><\/td><\/tr><tr><td><a href=\"https:\/\/bibliovet.com.br\/dominios\/produto\/dominio-vetpopular-com\/\" target=\"_blank\" rel=\"noopener noreferrer\">VETPOPULAR.COM<\/a><\/td><\/tr><tr><td><a href=\"https:\/\/bibliovet.com.br\/dominios\/produto\/dominio-yinyang-vet-br\/\" target=\"_blank\" rel=\"noopener noreferrer\">YINYANG.VET.BR<\/a><\/td><\/tr><tr><td><a href=\"https:\/\/bibliovet.com.br\/dominios\/produto\/dominio-yoginga-com\/\" target=\"_blank\" rel=\"noopener noreferrer\">YOGINGA.COM<\/a><\/td><\/tr><tr><td><a href=\"https:\/\/bibliovet.com.br\/dominios\/produto\/dominio-yoginga-com-br\/\" target=\"_blank\" rel=\"noopener noreferrer\">YOGINGA.COM.BR<\/a><\/td><\/tr><\/tbody><\/table><\/figure>\n","protected":false},"excerpt":{"rendered":"<p>Que tal um dom\u00ednio espec\u00edfico para o seu empreendimento? Seu dom\u00ednio \u00e9 seu endere\u00e7o digital. Adquira o dom\u00ednio correto para que os visitantes entrem, permane\u00e7am conectados no seu site e prosperem seus neg\u00f3cios. Confira alguns dom\u00ednios que estamos negociando: AGENDA.VET.BR (inclui email agenda.vet.br@gmail.com) AURICULOTERAPIAVERDADEIRA.COM.BR BIBLIOTECA.VET.BR BIBLIOVET.COM.BR BIBLIOTECAVET.COM.BR CATSCIENCE.COM.BR (inclui email catscience.com.br@gmail.com) BRASILVISTODECIMA.COM.BR CAVALOATLETA.VET.BR (inclui email [&hellip;]<\/p>\n","protected":false},"author":1,"featured_media":8333,"parent":0,"menu_order":0,"comment_status":"closed","ping_status":"closed","template":"","meta":[],"_links":{"self":[{"href":"https:\/\/bibliovet.com.br\/dominios\/wp-json\/wp\/v2\/pages\/8328"}],"collection":[{"href":"https:\/\/bibliovet.com.br\/dominios\/wp-json\/wp\/v2\/pages"}],"about":[{"href":"https:\/\/bibliovet.com.br\/dominios\/wp-json\/wp\/v2\/types\/page"}],"author":[{"embeddable":true,"href":"https:\/\/bibliovet.com.br\/dominios\/wp-json\/wp\/v2\/users\/1"}],"replies":[{"embeddable":true,"href":"https:\/\/bibliovet.com.br\/dominios\/wp-json\/wp\/v2\/comments?post=8328"}],"version-history":[{"count":25,"href":"https:\/\/bibliovet.com.br\/dominios\/wp-json\/wp\/v2\/pages\/8328\/revisions"}],"predecessor-version":[{"id":8797,"href":"https:\/\/bibliovet.com.br\/dominios\/wp-json\/wp\/v2\/pages\/8328\/revisions\/8797"}],"wp:featuredmedia":[{"embeddable":true,"href":"https:\/\/bibliovet.com.br\/dominios\/wp-json\/wp\/v2\/media\/8333"}],"wp:attachment":[{"href":"https:\/\/bibliovet.com.br\/dominios\/wp-json\/wp\/v2\/media?parent=8328"}],"curies":[{"name":"wp","href":"https:\/\/api.w.org\/{rel}","templated":true}]}}